{"id":2537,"date":"2022-07-26T13:14:26","date_gmt":"2022-07-26T11:14:26","guid":{"rendered":"https:\/\/www.legacygiving.eu\/?page_id=2537"},"modified":"2025-12-21T16:44:19","modified_gmt":"2025-12-21T15:44:19","slug":"legavision","status":"publish","type":"page","link":"https:\/\/www.legacygiving.eu\/en\/legavision\/","title":{"rendered":"Legavision"},"content":{"rendered":"<p class=\"p1\"><b><img data-recalc-dims=\"1\" loading=\"lazy\" decoding=\"async\" data-attachment-id=\"2541\" data-permalink=\"https:\/\/www.legacygiving.eu\/en\/legavision\/legavision-logo\/\" data-orig-file=\"https:\/\/i0.wp.com\/www.legacygiving.eu\/wp-content\/uploads\/2022\/07\/Legavision-logo.jpg?fit=349%2C144&amp;quality=99&amp;ssl=1\" data-orig-size=\"349,144\" data-comments-opened=\"0\" data-image-meta=\"{&quot;aperture&quot;:&quot;0&quot;,&quot;credit&quot;:&quot;&quot;,&quot;camera&quot;:&quot;&quot;,&quot;caption&quot;:&quot;&quot;,&quot;created_timestamp&quot;:&quot;0&quot;,&quot;copyright&quot;:&quot;&quot;,&quot;focal_length&quot;:&quot;0&quot;,&quot;iso&quot;:&quot;0&quot;,&quot;shutter_speed&quot;:&quot;0&quot;,&quot;title&quot;:&quot;&quot;,&quot;orientation&quot;:&quot;1&quot;}\" data-image-title=\"Legavision-logo\" data-image-description=\"\" data-image-caption=\"\" data-medium-file=\"https:\/\/i0.wp.com\/www.legacygiving.eu\/wp-content\/uploads\/2022\/07\/Legavision-logo.jpg?fit=300%2C124&amp;quality=99&amp;ssl=1\" data-large-file=\"https:\/\/i0.wp.com\/www.legacygiving.eu\/wp-content\/uploads\/2022\/07\/Legavision-logo.jpg?fit=349%2C144&amp;quality=99&amp;ssl=1\" class=\"size-medium wp-image-2541 alignleft\" src=\"https:\/\/i0.wp.com\/www.legacygiving.eu\/wp-content\/uploads\/2022\/07\/Legavision-logo.jpg?resize=300%2C124&#038;quality=99&#038;ssl=1\" alt=\"\" width=\"300\" height=\"124\" srcset=\"https:\/\/i0.wp.com\/www.legacygiving.eu\/wp-content\/uploads\/2022\/07\/Legavision-logo.jpg?resize=300%2C124&amp;quality=99&amp;ssl=1 300w, https:\/\/i0.wp.com\/www.legacygiving.eu\/wp-content\/uploads\/2022\/07\/Legavision-logo.jpg?w=349&amp;quality=99&amp;ssl=1 349w\" sizes=\"auto, (max-width: 300px) 100vw, 300px\" \/>Legavision &#8211; stimulating legacy giving globally<\/b><\/p>\n<p class=\"p1\">Legavision is the international network for joint campaigns creating a favourable environment for legacy giving to charities. In many countries, those public awareness campaigns are important drivers of making charitable gifts in wills a social norm.<\/p>\n<p class=\"p1\">The network brings together more than 25 international campaigns from different countries, spanning Australasia, Europe and the USA. Our work aims to connect and facilitate knowledge exchange between the campaigns. We are doing this by organising regular network calls, webinars and an annual member conference. Legavision is a platform for joint campaigns learning from each other to maximise their impact.<\/p>\n<p class=\"p1\"><b>Legavision skillshare<\/b><\/p>\n<p class=\"p1\">Each year national legacy campaigns gather to share insights, inspiring campaigns, best practices and how to overcome common challenges. This event is a unique opportunity for joint campaigns to come together for an exciting exchange, learning and networking programme.<\/p>\n<p>Are you interested in the work of the network, or do you want to join? Get in touch with us via <a href=\"mailto:info@legacygiving.eu\"><span class=\"s1\">info@legacygiving.eu<\/span><\/a><\/p>\n<p><b style=\"letter-spacing: 0.2px;\"><img data-recalc-dims=\"1\" loading=\"lazy\" decoding=\"async\" data-attachment-id=\"4275\" data-permalink=\"https:\/\/www.legacygiving.eu\/en\/legavision\/screenshot-2024-02-02-at-14-31-40\/\" data-orig-file=\"https:\/\/i0.wp.com\/www.legacygiving.eu\/wp-content\/uploads\/2024\/02\/Screenshot-2024-02-02-at-14.31.40.png?fit=1734%2C1008&amp;quality=99&amp;ssl=1\" data-orig-size=\"1734,1008\" data-comments-opened=\"0\" data-image-meta=\"{&quot;aperture&quot;:&quot;0&quot;,&quot;credit&quot;:&quot;&quot;,&quot;camera&quot;:&quot;&quot;,&quot;caption&quot;:&quot;&quot;,&quot;created_timestamp&quot;:&quot;0&quot;,&quot;copyright&quot;:&quot;&quot;,&quot;focal_length&quot;:&quot;0&quot;,&quot;iso&quot;:&quot;0&quot;,&quot;shutter_speed&quot;:&quot;0&quot;,&quot;title&quot;:&quot;&quot;,&quot;orientation&quot;:&quot;0&quot;}\" data-image-title=\"Screenshot 2024-02-02 at 14.31.40\" data-image-description=\"\" data-image-caption=\"\" data-medium-file=\"https:\/\/i0.wp.com\/www.legacygiving.eu\/wp-content\/uploads\/2024\/02\/Screenshot-2024-02-02-at-14.31.40.png?fit=300%2C174&amp;quality=99&amp;ssl=1\" data-large-file=\"https:\/\/i0.wp.com\/www.legacygiving.eu\/wp-content\/uploads\/2024\/02\/Screenshot-2024-02-02-at-14.31.40.png?fit=1024%2C595&amp;quality=99&amp;ssl=1\" class=\"alignnone wp-image-4275\" src=\"https:\/\/i0.wp.com\/www.legacygiving.eu\/wp-content\/uploads\/2024\/02\/Screenshot-2024-02-02-at-14.31.40.png?resize=889%2C516&#038;quality=99&#038;ssl=1\" alt=\"\" width=\"889\" height=\"516\" srcset=\"https:\/\/i0.wp.com\/www.legacygiving.eu\/wp-content\/uploads\/2024\/02\/Screenshot-2024-02-02-at-14.31.40.png?resize=300%2C174&amp;quality=99&amp;ssl=1 300w, https:\/\/i0.wp.com\/www.legacygiving.eu\/wp-content\/uploads\/2024\/02\/Screenshot-2024-02-02-at-14.31.40.png?resize=1024%2C595&amp;quality=99&amp;ssl=1 1024w, https:\/\/i0.wp.com\/www.legacygiving.eu\/wp-content\/uploads\/2024\/02\/Screenshot-2024-02-02-at-14.31.40.png?resize=768%2C446&amp;quality=99&amp;ssl=1 768w, https:\/\/i0.wp.com\/www.legacygiving.eu\/wp-content\/uploads\/2024\/02\/Screenshot-2024-02-02-at-14.31.40.png?resize=1536%2C893&amp;quality=99&amp;ssl=1 1536w, https:\/\/i0.wp.com\/www.legacygiving.eu\/wp-content\/uploads\/2024\/02\/Screenshot-2024-02-02-at-14.31.40.png?resize=730%2C424&amp;quality=99&amp;ssl=1 730w, https:\/\/i0.wp.com\/www.legacygiving.eu\/wp-content\/uploads\/2024\/02\/Screenshot-2024-02-02-at-14.31.40.png?resize=1060%2C616&amp;quality=99&amp;ssl=1 1060w, https:\/\/i0.wp.com\/www.legacygiving.eu\/wp-content\/uploads\/2024\/02\/Screenshot-2024-02-02-at-14.31.40.png?w=1734&amp;quality=99&amp;ssl=1 1734w\" sizes=\"auto, (max-width: 889px) 100vw, 889px\" \/>Overview joint legacy campaigns in different countries<\/b><\/p>\n<p><span class=\"s2\"><a href=\"https:\/\/www.includeacharity.com.au\/\" target=\"_blank\" rel=\"noopener\">Australia: Include a Charity<\/a><\/span><br \/>\n<span class=\"s2\"><a href=\"https:\/\/www.vergissmeinnicht.at\/\" target=\"_blank\" rel=\"noopener\">Austria: Vergiss Mein Nicht<\/a><\/span><br \/>\n<a href=\"https:\/\/legados-solidarios.org\/\" target=\"_blank\" rel=\"noopener\">Argentina: Legados Solidarios<\/a><br \/>\n<span class=\"s2\"><a href=\"https:\/\/www.testament.be\/nl\/\" target=\"_blank\" rel=\"noopener\">Belgium: Testament.be<\/a><\/span><br \/>\n<span class=\"s2\"><a href=\"https:\/\/www.willpower.ca\/about\/\" target=\"_blank\" rel=\"noopener\">Canada: Will Power<\/a><\/span><br \/>\n<span class=\"s2\"><a href=\"https:\/\/www.nadacevia.cz\/nabidka-programu\/viabona\/zavet-pomaha\/\" target=\"_blank\" rel=\"noopener\">Czech Republic: Z\u00e1vet pom\u00e1h\u00e1<\/a><\/span><br \/>\n<span class=\"s2\"><a href=\"https:\/\/www.mein-erbe-tut-gutes.de\/\" target=\"_blank\" rel=\"noopener\">Germany: Mein Erbe Tut Gutes<\/a><\/span><br \/>\n<span class=\"s2\"><a href=\"https:\/\/www.detgodetestamente.dk\/\" target=\"_blank\" rel=\"noopener\">Denmark: Det Gode Testamente<\/a><\/span><br \/>\n<span class=\"s2\"><a href=\"https:\/\/www.hyvatestamentti.fi\/\" target=\"_blank\" rel=\"noopener\">Finland: Hyva Testamentti<\/a><\/span><br \/>\n<a href=\"https:\/\/testament-solidaire.fr\/\" target=\"_blank\" rel=\"noopener\">France: Testament Solidaire<\/a><br \/>\n<span class=\"s2\"><a href=\"https:\/\/www.mylegacy.ie\/\" target=\"_blank\" rel=\"noopener\">Ireland: My Legacy<\/a><\/span><br \/>\n<span class=\"s2\"><a href=\"https:\/\/testamentosolidale.org\/\" target=\"_blank\" rel=\"noopener\">Italy: Testamento Solidale<\/a><\/span><br \/>\n<span class=\"s2\"><a href=\"https:\/\/izoukifu.jp\/\" target=\"_blank\" rel=\"noopener\">Japan: Izoukifu<\/a><\/span><br \/>\n<span class=\"s2\"><a href=\"https:\/\/www.toegift.nl\/\" target=\"_blank\" rel=\"noopener\">Netherlands: Toegift.nl<\/a><\/span><br \/>\n<span class=\"s2\"><a href=\"https:\/\/includeacharity.org.nz\/?src=nav\" target=\"_blank\" rel=\"noopener\">New Zealand: Include a Charity<\/a><\/span><br \/>\n<span class=\"s2\"><a href=\"https:\/\/willtogive.org\/\" target=\"_blank\" rel=\"noopener\">Northern Ireland: Will to Give<\/a><\/span><br \/>\n<span class=\"s2\"><a href=\"https:\/\/detgodetestament.no\/\" target=\"_blank\" rel=\"noopener\">Norway: Det Gode Testament <\/a><\/span><br \/>\n<span class=\"s2\"><a href=\"https:\/\/dobrytestament.pl\/\" target=\"_blank\" rel=\"noopener\">Poland: Dobry Testament, Napisz Testament<\/a><\/span><br \/>\n<span class=\"s2\"><a href=\"http:\/\/www.legacykorea.kr\/\" target=\"_blank\" rel=\"noopener\">South Korea: Legacy Korea<\/a><\/span><br \/>\n<span class=\"s2\"><a href=\"https:\/\/haztestamentosolidario.org\" target=\"_blank\" rel=\"noopener\">Spain: HazTestamentoSolidario.org<\/a><\/span><br \/>\n<span class=\"s2\"><a href=\"https:\/\/www.rememberacharity.org.uk\/\" target=\"_blank\" rel=\"noopener\">United Kingdom: Remember a Charity<\/a><\/span><br \/>\n<span class=\"s2\"><a href=\"https:\/\/charitablegiftplanners.org\/leave-a-legacy\" target=\"_blank\" rel=\"noopener\">USA: Leave a Legacy<\/a><\/span><br \/>\n<a href=\"https:\/\/www.cf.org.sg\/2020\/11\/24\/national-legacy-giving-initiative-to-inspire-philanthropic-culture-in-singapore\/#:~:text=Private%20philanthropy%20has%20an%20important,its%20value%20to%20the%20community.\" target=\"_blank\" rel=\"noopener\"><span class=\"s2\">Singapore: A Greater Gift<\/span><\/a><br \/>\n<span style=\"color: #000000;\"><a style=\"color: #000000;\" href=\"https:\/\/www.testamentesveckan.se\/\"><span class=\"s2\">Sweden: Testamentesveckan.se<\/span><\/a><\/span><br \/>\n<span class=\"s2\"><a href=\"https:\/\/allianzgemeinwohl.ch\/\" target=\"_blank\" rel=\"noopener\">Switzerland: \u00c1llianz fur das Gemeinwohl<\/a><\/span><\/p>\n<p class=\"p4\"><b>History of joint campaigns<\/b><\/p>\n<p class=\"p6\">The first joint legacy campaign, <a href=\"https:\/\/charitablegiftplanners.org\/leave-a-legacy\"><span class=\"s2\"><i>Leave A Legacy<\/i><\/span><\/a> was set up in the 1990s in the USA by a small collective of charities. Since then, more and more campaigns have been created in many different countries. Europe has become a hotbed of great legacy campaigns. With very successful campaigns like <a href=\"https:\/\/www.rememberacharity.org.uk\/\"><span class=\"s2\"><i>Remember A Charity<\/i><\/span><\/a> (UK) or <a href=\"https:\/\/www.testament.be\/nl\/\"><span class=\"s2\"><i>Testament.be <\/i><\/span><\/a>(Belgium).<\/p>\n<p class=\"p6\">Read more<span class=\"s3\"> <a href=\"https:\/\/www.rememberacharity.org.uk\/stories\/legacy-giving-in-the-global-arena\/\" target=\"_blank\" rel=\"noopener\"><span class=\"s1\"><i>here<\/i><\/span><\/a><\/span><\/p>\n<p><!--more--><\/p>\n<p><!--more--><\/p>\n<p>&nbsp;<\/p>\n","protected":false},"excerpt":{"rendered":"<p>Legavision &#8211; stimulating legacy giving globally Legavision is the international network for joint campaigns creating a favourable environment for legacy giving to charities. In many countries, those public awareness campaigns are important drivers of making charitable gifts in wills a&hellip;<\/p>\n<a class=\"more-link\" href=\" https:\/\/www.legacygiving.eu\/en\/legavision\/ \">Read More<\/a>","protected":false},"author":4,"featured_media":0,"parent":0,"menu_order":0,"comment_status":"closed","ping_status":"closed","template":"","meta":{"_monsterinsights_skip_tracking":false,"_monsterinsights_sitenote_active":false,"_monsterinsights_sitenote_note":"","_monsterinsights_sitenote_category":0,"footnotes":""},"class_list":["post-2537","page","type-page","status-publish","hentry","col-lg-12"],"translation":{"provider":"WPGlobus","version":"3.0.2","language":"en","enabled_languages":["nl","en"],"languages":{"nl":{"title":true,"content":true,"excerpt":false},"en":{"title":true,"content":true,"excerpt":false}}},"yoast_head":"<!-- This site is optimized with the Yoast SEO plugin v27.2 - https:\/\/yoast.com\/product\/yoast-seo-wordpress\/ -->\n<title>Legavision - Legacy Giving<\/title>\n<meta name=\"robots\" content=\"index, follow, max-snippet:-1, max-image-preview:large, max-video-preview:-1\" \/>\n<link rel=\"canonical\" href=\"https:\/\/www.legacygiving.eu\/legavision\/\" \/>\n<meta property=\"og:locale\" content=\"en_US\" \/>\n<meta property=\"og:type\" content=\"article\" \/>\n<meta property=\"og:title\" content=\"Legavision - Legacy Giving\" \/>\n<meta property=\"og:url\" content=\"https:\/\/www.legacygiving.eu\/legavision\/\" \/>\n<meta property=\"og:site_name\" content=\"Legacy Giving\" \/>\n<meta property=\"article:modified_time\" content=\"2025-12-21T15:44:19+00:00\" \/>\n<meta property=\"og:image\" content=\"https:\/\/www.legacygiving.eu\/wp-content\/uploads\/2022\/07\/Legavision-logo-300x124.jpg\" \/>\n<meta name=\"twitter:card\" content=\"summary_large_image\" \/>\n<meta name=\"twitter:label1\" content=\"Est. reading time\" \/>\n\t<meta name=\"twitter:data1\" content=\"3 minutes\" \/>\n<script type=\"application\/ld+json\" class=\"yoast-schema-graph\">{\"@context\":\"https:\/\/schema.org\",\"@graph\":[{\"@type\":\"WebPage\",\"@id\":\"https:\/\/www.legacygiving.eu\/legavision\/\",\"url\":\"https:\/\/www.legacygiving.eu\/legavision\/\",\"name\":\"Legavision - Legacy Giving\",\"isPartOf\":{\"@id\":\"https:\/\/www.legacygiving.eu\/#website\"},\"primaryImageOfPage\":{\"@id\":\"https:\/\/www.legacygiving.eu\/legavision\/#primaryimage\"},\"image\":{\"@id\":\"https:\/\/www.legacygiving.eu\/legavision\/#primaryimage\"},\"thumbnailUrl\":\"https:\/\/www.legacygiving.eu\/wp-content\/uploads\/2022\/07\/Legavision-logo-300x124.jpg\",\"datePublished\":\"2022-07-26T11:14:26+00:00\",\"dateModified\":\"2025-12-21T15:44:19+00:00\",\"breadcrumb\":{\"@id\":\"https:\/\/www.legacygiving.eu\/legavision\/#breadcrumb\"},\"inLanguage\":\"en-US\",\"potentialAction\":[{\"@type\":\"ReadAction\",\"target\":[\"https:\/\/www.legacygiving.eu\/legavision\/\"]}]},{\"@type\":\"ImageObject\",\"inLanguage\":\"en-US\",\"@id\":\"https:\/\/www.legacygiving.eu\/legavision\/#primaryimage\",\"url\":\"https:\/\/www.legacygiving.eu\/wp-content\/uploads\/2022\/07\/Legavision-logo-300x124.jpg\",\"contentUrl\":\"https:\/\/www.legacygiving.eu\/wp-content\/uploads\/2022\/07\/Legavision-logo-300x124.jpg\"},{\"@type\":\"BreadcrumbList\",\"@id\":\"https:\/\/www.legacygiving.eu\/legavision\/#breadcrumb\",\"itemListElement\":[{\"@type\":\"ListItem\",\"position\":1,\"name\":\"Home\",\"item\":\"https:\/\/www.legacygiving.eu\/\"},{\"@type\":\"ListItem\",\"position\":2,\"name\":\"Legavision\"}]},{\"@type\":\"WebSite\",\"@id\":\"https:\/\/www.legacygiving.eu\/#website\",\"url\":\"https:\/\/www.legacygiving.eu\/\",\"name\":\"Legacy Giving\",\"description\":\"Inspiration for fundraisers\",\"potentialAction\":[{\"@type\":\"SearchAction\",\"target\":{\"@type\":\"EntryPoint\",\"urlTemplate\":\"https:\/\/www.legacygiving.eu\/?s={search_term_string}\"},\"query-input\":{\"@type\":\"PropertyValueSpecification\",\"valueRequired\":true,\"valueName\":\"search_term_string\"}}],\"inLanguage\":\"en-US\"}]}<\/script>\n<!-- \/ Yoast SEO plugin. -->","yoast_head_json":{"title":"Legavision - Legacy Giving","robots":{"index":"index","follow":"follow","max-snippet":"max-snippet:-1","max-image-preview":"max-image-preview:large","max-video-preview":"max-video-preview:-1"},"canonical":"https:\/\/www.legacygiving.eu\/legavision\/","og_locale":"en_US","og_type":"article","og_title":"Legavision - Legacy Giving","og_url":"https:\/\/www.legacygiving.eu\/legavision\/","og_site_name":"Legacy Giving","article_modified_time":"2025-12-21T15:44:19+00:00","og_image":[{"url":"https:\/\/www.legacygiving.eu\/wp-content\/uploads\/2022\/07\/Legavision-logo-300x124.jpg","type":"","width":"","height":""}],"twitter_card":"summary_large_image","twitter_misc":{"Est. reading time":"3 minutes"},"schema":{"@context":"https:\/\/schema.org","@graph":[{"@type":"WebPage","@id":"https:\/\/www.legacygiving.eu\/legavision\/","url":"https:\/\/www.legacygiving.eu\/legavision\/","name":"Legavision - Legacy Giving","isPartOf":{"@id":"https:\/\/www.legacygiving.eu\/#website"},"primaryImageOfPage":{"@id":"https:\/\/www.legacygiving.eu\/legavision\/#primaryimage"},"image":{"@id":"https:\/\/www.legacygiving.eu\/legavision\/#primaryimage"},"thumbnailUrl":"https:\/\/www.legacygiving.eu\/wp-content\/uploads\/2022\/07\/Legavision-logo-300x124.jpg","datePublished":"2022-07-26T11:14:26+00:00","dateModified":"2025-12-21T15:44:19+00:00","breadcrumb":{"@id":"https:\/\/www.legacygiving.eu\/legavision\/#breadcrumb"},"inLanguage":"en-US","potentialAction":[{"@type":"ReadAction","target":["https:\/\/www.legacygiving.eu\/legavision\/"]}]},{"@type":"ImageObject","inLanguage":"en-US","@id":"https:\/\/www.legacygiving.eu\/legavision\/#primaryimage","url":"https:\/\/www.legacygiving.eu\/wp-content\/uploads\/2022\/07\/Legavision-logo-300x124.jpg","contentUrl":"https:\/\/www.legacygiving.eu\/wp-content\/uploads\/2022\/07\/Legavision-logo-300x124.jpg"},{"@type":"BreadcrumbList","@id":"https:\/\/www.legacygiving.eu\/legavision\/#breadcrumb","itemListElement":[{"@type":"ListItem","position":1,"name":"Home","item":"https:\/\/www.legacygiving.eu\/"},{"@type":"ListItem","position":2,"name":"Legavision"}]},{"@type":"WebSite","@id":"https:\/\/www.legacygiving.eu\/#website","url":"https:\/\/www.legacygiving.eu\/","name":"Legacy Giving","description":"Inspiration for fundraisers","potentialAction":[{"@type":"SearchAction","target":{"@type":"EntryPoint","urlTemplate":"https:\/\/www.legacygiving.eu\/?s={search_term_string}"},"query-input":{"@type":"PropertyValueSpecification","valueRequired":true,"valueName":"search_term_string"}}],"inLanguage":"en-US"}]}},"jetpack_sharing_enabled":true,"jetpack-related-posts":[{"id":1344,"url":"https:\/\/www.legacygiving.eu\/en\/cookie-policy\/","url_meta":{"origin":2537,"position":0},"title":"Cookie Policy","author":"Lena Vizy","date":"14 May 2021","format":false,"excerpt":"{:nl} About this cookie policy This Cookie Policy explains what cookies are and how we use them, the types of cookies we use i.e, the information we collect using cookies and how that information is used, and how to control the cookie preferences. For further information on how we use,\u2026","rel":"","context":"Similar post","block_context":{"text":"Similar post","link":""},"img":{"alt_text":"","src":"","width":0,"height":0},"classes":[]},{"id":3,"url":"https:\/\/www.legacygiving.eu\/en\/privacy\/","url_meta":{"origin":2537,"position":1},"title":"Privacy","author":"Lena Vizy","date":"30 June 2020","format":false,"excerpt":"{:nl}Privacy\u00a0 Legacy Giving vindt jouw privacy belangrijk. Wij verwerken persoonsgegevens en andere data zorgvuldig en in overeenstemming met geldende wet- en regelgeving ter bescherming van jouw privacy. Hieronder staat wat jij van ons kunt verwachten en aan welke regels wij ons houden. Gegevensverwerking Wij houden een administratie bij, waarin ook\u2026","rel":"","context":"Similar post","block_context":{"text":"Similar post","link":""},"img":{"alt_text":"","src":"","width":0,"height":0},"classes":[]},{"id":24,"url":"https:\/\/www.legacygiving.eu\/en\/legacy-fundraising\/","url_meta":{"origin":2537,"position":2},"title":"About","author":"Lena Vizy","date":"31 August 2017","format":false,"excerpt":"{:nl}Legacygiving.eu is d\u00e9 inspiratiebron voor alle fondsenwervers die up-to-date willen blijven over legacy fundraising. Met blogs, interviews en interessant nieuws houden we je op de hoogte over de laatste ontwikkelingen binnen deze bijzondere vorm van fondsenwerving. Daarnaast is legacygiving.eu een platform om uitwisseling en inspiratie tussen elkaar te stimuleren. Founders\u2026","rel":"","context":"Similar post","block_context":{"text":"Similar post","link":""},"img":{"alt_text":"","src":"https:\/\/www.legacygiving.eu\/wp-content\/uploads\/2021\/06\/Lena_Elly-225x300.jpg","width":270,"height":0},"classes":[]},{"id":225,"url":"https:\/\/www.legacygiving.eu\/en\/style-guide\/","url_meta":{"origin":2537,"position":3},"title":"Style Guide","author":"Lena Vizy","date":"8 September 2017","format":false,"excerpt":"Emphasis text, aliquet elit, eget tincidunt nibh pulvinar a. Vestibulum ac diam sit amet quam vehicula elementum sed sit amet dui. Lorem ipsum dolor sit amet. The biggest headline. Sed et libero eros. Praesent quis ipsum massa, nec aliquet tellus. Etiam purus neque, varius eget elementum vel, hendrerit id enim.\u2026","rel":"","context":"Similar post","block_context":{"text":"Similar post","link":""},"img":{"alt_text":"","src":"http:\/\/resonant-agency.tkdemos.com\/wp-content\/uploads\/2017\/04\/st-l1.jpg","width":270,"height":0},"classes":[]},{"id":1403,"url":"https:\/\/www.legacygiving.eu\/en\/newsletter\/","url_meta":{"origin":2537,"position":4},"title":"Newsletter","author":"Lena Vizy","date":"18 May 2021","format":false,"excerpt":"{:nl}Legacygiving.eu is d\u00e9 inspiratiebron voor iedereen die up to date wil blijven over legacy fundraising. Met blogs, interviews en interessante artikelen houden we je op de hoogte over deze bijzondere manier van fondsenwerving.\u00a0 Volg ons op LinkedIn en schrijf je in voor onze nieuwsbrief om een seintje te krijgen als\u2026","rel":"","context":"Similar post","block_context":{"text":"Similar post","link":""},"img":{"alt_text":"","src":"","width":0,"height":0},"classes":[]},{"id":22,"url":"https:\/\/www.legacygiving.eu\/en\/contact\/","url_meta":{"origin":2537,"position":5},"title":"Contact","author":"Lena Vizy","date":"31 August 2017","format":false,"excerpt":"{:nl}Contact Wil je met ons contact? Stuur dan een e-mail aan: info@legacygiving.eu Dank je wel en tot snel, Lena & Elly {:}{:en}Contact Do you want to get in contact with us? Please send an email to info@legacygiving.eu Thanks and talk to you soon! Lena & Elly {:}","rel":"","context":"Similar post","block_context":{"text":"Similar post","link":""},"img":{"alt_text":"","src":"","width":0,"height":0},"classes":[]}],"_links":{"self":[{"href":"https:\/\/www.legacygiving.eu\/en\/wp-json\/wp\/v2\/pages\/2537","targetHints":{"allow":["GET"]}}],"collection":[{"href":"https:\/\/www.legacygiving.eu\/en\/wp-json\/wp\/v2\/pages"}],"about":[{"href":"https:\/\/www.legacygiving.eu\/en\/wp-json\/wp\/v2\/types\/page"}],"author":[{"embeddable":true,"href":"https:\/\/www.legacygiving.eu\/en\/wp-json\/wp\/v2\/users\/4"}],"replies":[{"embeddable":true,"href":"https:\/\/www.legacygiving.eu\/en\/wp-json\/wp\/v2\/comments?post=2537"}],"version-history":[{"count":42,"href":"https:\/\/www.legacygiving.eu\/en\/wp-json\/wp\/v2\/pages\/2537\/revisions"}],"predecessor-version":[{"id":5658,"href":"https:\/\/www.legacygiving.eu\/en\/wp-json\/wp\/v2\/pages\/2537\/revisions\/5658"}],"wp:attachment":[{"href":"https:\/\/www.legacygiving.eu\/en\/wp-json\/wp\/v2\/media?parent=2537"}],"curies":[{"name":"wp","href":"https:\/\/api.w.org\/{rel}","templated":true}]}}